{"id":734,"date":"2018-07-04T12:47:31","date_gmt":"2018-07-04T10:47:31","guid":{"rendered":"http:\/\/www.buergerchain.at\/?page_id=734"},"modified":"2018-07-04T22:15:33","modified_gmt":"2018-07-04T20:15:33","slug":"sehen-ohne-grenzen","status":"publish","type":"page","link":"https:\/\/www.sehenohnegrenzen.org\/","title":{"rendered":""},"content":{"rendered":"<div class='white' style='background:rgba(0,0,0,0); border:solid 0px rgba(0,0,0,0); border-radius:0px; padding:0px 0px 0px 0px;'>\n<div id='slider_743' class='owl-carousel sa_owl_theme owl-pagination-true autohide-arrows' data-slider-id='slider_743' style='visibility:hidden;'>\n<div id='slider_743_slide01' class='sa_hover_container' style='padding:5% 5%; margin:0px 0%; '><p><a href=\"https:\/\/www.sehenohnegrenzen.org\/index.php\/2026\/03\/04\/nigeria-2026\/\"><img loading=\"lazy\" decoding=\"async\" class=\"alignnone size-full wp-image-1495\" src=\"http:\/\/www.sehenohnegrenzen.org\/wp-content\/uploads\/2026\/03\/slider_2026_nigeria.jpg\" alt=\"\" width=\"340\" height=\"227\"><\/a><\/p>\r\n<h4>57. Eye Camp - Nigeria<\/h4>\r\n<p>Eisregen in Wien hat uns leider einen Tag gekostet - trotzdem konnten wir w\u00e4hrend unseres viert\u00e4gigen Camps weit \u00fcber 100 Operationen durchf\u00fchren, darunter auch bei einem neunj\u00e4hrigen Buben. Wie es uns ergangen ist, lesen Sie <a href=\"https:\/\/www.sehenohnegrenzen.org\/index.php\/2026\/03\/04\/nigeria-2026\/\">hier &gt;&gt;<\/a><\/p><\/div>\n<div id='slider_743_slide02' class='sa_hover_container' style='padding:5% 5%; margin:0px 0%; '><div class='sa_hover_buttons' style='top:50%; left:50%; margin-top:-20px; margin-left:-20px;'><a class='sa_slide_link_icon' href='http:\/\/www.sehenohnegrenzen.org\/index.php\/2023\/03\/06\/nigeria-2023\/' target='_self' title='' aria-label=''><\/a><\/div>\n<p><a href=\"https:\/\/www.sehenohnegrenzen.org\/index.php\/2025\/06\/02\/namibia-2025\/\"><img loading=\"lazy\" decoding=\"async\" class=\"alignnone size-full wp-image-1477\" src=\"http:\/\/www.sehenohnegrenzen.org\/wp-content\/uploads\/2025\/06\/namibia2025_small.jpg\" alt=\"Namibia 2025\" width=\"340\" height=\"227\"><\/a><\/p>\r\n<h4>56. Eye Camp - Namibia<\/h4>\r\n<p>Vor \u00fcber 10 Jahren waren wir das letzte Mal in Keetmanshoop, einer Provinzhauptstadt im d\u00fcnn besiedelten S\u00fcden Namibias. Patientinnen reisen teils hunderte Kilometer, um zu unseren Eye Camps zu kommen. Wie es uns ergangen ist, lesen Sie <a href=\"https:\/\/www.sehenohnegrenzen.org\/index.php\/2025\/06\/02\/namibia-2025\/\">hier &gt;&gt;<\/a><\/p><\/div>\n<div id='slider_743_slide03' class='sa_hover_container' style='padding:5% 5%; margin:0px 0%; '><div class='sa_hover_buttons' style='top:50%; left:50%; margin-top:-20px; margin-left:-20px;'><a class='sa_slide_link_icon' href='https:\/\/www.sehenohnegrenzen.org\/index.php\/2025\/03\/01\/nigeria-2025\/' target='_self' title='' aria-label=''><\/a><\/div>\n<p><a href=\"http:\/\/www.sehenohnegrenzen.org\/index.php\/2025\/03\/01\/nigeria-2025\/\"><img loading=\"lazy\" decoding=\"async\" class=\"alignnone size-full wp-image-1231\" src=\"http:\/\/www.sehenohnegrenzen.org\/wp-content\/uploads\/2025\/03\/patient1_sm.jpg\" alt=\"\" width=\"340\" height=\"227\"><\/a><\/p>\r\n<h4>55. Eye Camp in Nigeria<\/h4>\r\n<p>Obwohl wir mittlerweile eine gewisse Routine bei der Organisation der Eye Camps in Nigeria entwickelt haben, bleibt es doch immer eine herausfordernde, spannende und in jedem Fall lohnende Mission. Dank der optimierten Logistik konnten wir an 4 OP-Tagen 138 Katarakt-Operationen durchf\u00fchren. Bilder und Hintergr\u00fcnde zum Camp und dem 25-Jahr-Jubil\u00e4um der \"Medical Mission\" in Ihitte gibt es hier: <a href=\"http:\/\/www.sehenohnegrenzen.org\/index.php\/2025\/03\/01\/nigeria-2025\/\">&gt;&gt;<\/a><\/p><\/div>\n<div id='slider_743_slide04' class='sa_hover_container' style='padding:5% 5%; margin:0px 0%; '><div class='sa_hover_buttons' style='top:50%; left:50%; margin-top:-20px; margin-left:-20px;'><a class='sa_slide_link_icon' href='https:\/\/www.sehenohnegrenzen.org\/index.php\/2024\/03\/10\/nigeria-2024\/' target='_self' title='' aria-label=''><\/a><\/div>\n<p><img loading=\"lazy\" decoding=\"async\" class=\"alignnone size-full wp-image-1169\" src=\"http:\/\/www.sehenohnegrenzen.org\/wp-content\/uploads\/2024\/03\/nigeria2024_auginaug.jpg\" alt=\"\" width=\"340\" height=\"227\"><\/p>\r\n<h4>54. Eye Camp in Nigeria<\/h4>\r\n<p>Unser erstes Eye Camp im Jahr 2024 f\u00fchrte uns zum insgesamt bereits 6. Mal nach Nigeria. Dank unserer Erfahrung, der guten Vorbereitung und stetiger technischer Verbesserungen (Photovoltaikanlage in der Klinik, neu angeschaffter Laser) konnten wir innerhalb von nur 4 Tagen 120 Katarakt-Operationen, sowie zahlreiche Nachstar- und Glaukombehandlungen durchf\u00fchren. <a href=\"https:\/\/www.sehenohnegrenzen.org\/index.php\/2024\/03\/10\/nigeria-2024\/\">&gt;&gt;<\/a><\/p><\/div>\n<\/div>\n<\/div>\n<script type='text\/javascript'>\n\tjQuery(document).ready(function() {\n\t\tjQuery('#slider_743').owlCarousel({\n\t\t\tresponsive:{\n\t\t\t\t0:{ items:1 },\n\t\t\t\t480:{ items:2 },\n\t\t\t\t768:{ items:1 },\n\t\t\t\t980:{ items:2 },\n\t\t\t\t1200:{ items:2 },\n\t\t\t\t1500:{ items:2 }\n\t\t\t},\n\t\t\tautoplay : true,\n\t\t\tautoplayTimeout : 5000,\n\t\t\tautoplayHoverPause : true,\n\t\t\tsmartSpeed : 200,\n\t\t\tfluidSpeed : 200,\n\t\t\tautoplaySpeed : 200,\n\t\t\tnavSpeed : 200,\n\t\t\tdotsSpeed : 200,\n\t\t\tloop : true,\n\t\t\tnav : true,\n\t\t\tnavText : ['Previous','Next'],\n\t\t\tdots : true,\n\t\t\tresponsiveRefreshRate : 200,\n\t\t\tslideBy : 1,\n\t\t\tmergeFit : true,\n\t\t\tautoHeight : false,\n\t\t\tmouseDrag : true,\n\t\t\ttouchDrag : true\n\t\t});\n\t\tjQuery('#slider_743').css('visibility', 'visible');\n\t\tsa_resize_slider_743();\n\t\twindow.addEventListener('resize', sa_resize_slider_743);\n\t\tfunction sa_resize_slider_743() {\n\t\t\tvar min_height = '50';\n\t\t\tvar win_width = jQuery(window).width();\n\t\t\tvar slider_width = jQuery('#slider_743').width();\n\t\t\tif (win_width < 480) {\n\t\t\t\tvar slide_width = slider_width \/ 1;\n\t\t\t} else if (win_width < 768) {\n\t\t\t\tvar slide_width = slider_width \/ 2;\n\t\t\t} else if (win_width < 980) {\n\t\t\t\tvar slide_width = slider_width \/ 1;\n\t\t\t} else if (win_width < 1200) {\n\t\t\t\tvar slide_width = slider_width \/ 2;\n\t\t\t} else if (win_width < 1500) {\n\t\t\t\tvar slide_width = slider_width \/ 2;\n\t\t\t} else {\n\t\t\t\tvar slide_width = slider_width \/ 2;\n\t\t\t}\n\t\t\tslide_width = Math.round(slide_width);\n\t\t\tvar slide_height = '0';\n\t\t\tif (min_height == 'aspect43') {\n\t\t\t\tslide_height = (slide_width \/ 4) * 3;\t\t\t\tslide_height = Math.round(slide_height);\n\t\t\t} else if (min_height == 'aspect169') {\n\t\t\t\tslide_height = (slide_width \/ 16) * 9;\t\t\t\tslide_height = Math.round(slide_height);\n\t\t\t} else {\n\t\t\t\tslide_height = (slide_width \/ 100) * min_height;\t\t\t\tslide_height = Math.round(slide_height);\n\t\t\t}\n\t\t\tjQuery('#slider_743 .owl-item .sa_hover_container').css('min-height', slide_height+'px');\n\t\t}\n\t\tvar owl_goto = jQuery('#slider_743');\n\t\tjQuery('.slider_743_goto1').click(function(event){\n\t\t\towl_goto.trigger('to.owl.carousel', 0);\n\t\t});\n\t\tjQuery('.slider_743_goto2').click(function(event){\n\t\t\towl_goto.trigger('to.owl.carousel', 1);\n\t\t});\n\t\tjQuery('.slider_743_goto3').click(function(event){\n\t\t\towl_goto.trigger('to.owl.carousel', 2);\n\t\t});\n\t\tjQuery('.slider_743_goto4').click(function(event){\n\t\t\towl_goto.trigger('to.owl.carousel', 3);\n\t\t});\n\t\tvar resize_743 = jQuery('.owl-carousel');\n\t\tresize_743.on('initialized.owl.carousel', function(e) {\n\t\t\tif (typeof(Event) === 'function') {\n\t\t\t\twindow.dispatchEvent(new Event('resize'));\n\t\t\t} else {\n\t\t\t\tvar evt = window.document.createEvent('UIEvents');\n\t\t\t\tevt.initUIEvent('resize', true, false, window, 0);\n\t\t\t\twindow.dispatchEvent(evt);\n\t\t\t}\n\t\t});\n\t});\n<\/script>\n\n","protected":false},"excerpt":{"rendered":"","protected":false},"author":1,"featured_media":0,"parent":0,"menu_order":0,"comment_status":"closed","ping_status":"closed","template":"","meta":{"ngg_post_thumbnail":0,"footnotes":""},"class_list":["post-734","page","type-page","status-publish","hentry"],"aioseo_notices":[],"_links":{"self":[{"href":"https:\/\/www.sehenohnegrenzen.org\/index.php\/wp-json\/wp\/v2\/pages\/734","targetHints":{"allow":["GET"]}}],"collection":[{"href":"https:\/\/www.sehenohnegrenzen.org\/index.php\/wp-json\/wp\/v2\/pages"}],"about":[{"href":"https:\/\/www.sehenohnegrenzen.org\/index.php\/wp-json\/wp\/v2\/types\/page"}],"author":[{"embeddable":true,"href":"https:\/\/www.sehenohnegrenzen.org\/index.php\/wp-json\/wp\/v2\/users\/1"}],"replies":[{"embeddable":true,"href":"https:\/\/www.sehenohnegrenzen.org\/index.php\/wp-json\/wp\/v2\/comments?post=734"}],"version-history":[{"count":7,"href":"https:\/\/www.sehenohnegrenzen.org\/index.php\/wp-json\/wp\/v2\/pages\/734\/revisions"}],"predecessor-version":[{"id":783,"href":"https:\/\/www.sehenohnegrenzen.org\/index.php\/wp-json\/wp\/v2\/pages\/734\/revisions\/783"}],"wp:attachment":[{"href":"https:\/\/www.sehenohnegrenzen.org\/index.php\/wp-json\/wp\/v2\/media?parent=734"}],"curies":[{"name":"wp","href":"https:\/\/api.w.org\/{rel}","templated":true}]}}